{"id":136,"date":"2016-03-08T19:17:54","date_gmt":"2016-03-08T19:17:54","guid":{"rendered":"http:\/\/www.fw-langenthal.ch\/wp\/?page_id=136"},"modified":"2024-02-28T06:15:49","modified_gmt":"2024-02-28T06:15:49","slug":"loeschzug","status":"publish","type":"page","link":"https:\/\/www.fw-langenthal.ch\/wp\/?page_id=136","title":{"rendered":"L\u00f6schzug"},"content":{"rendered":"<p><strong>Der L\u00f6schzug<\/strong><\/p>\n<p>Der L\u00f6schzug wird bei gr\u00f6sseren Ereignissen zur Verst\u00e4rkung des Piketts eingesetzt; kann aber auch unabh\u00e4ngig vom Pikett bei Brand- oder Elementarschadenseins\u00e4tzen eingesetzt werden.<br \/>\nTeile des L\u00f6schzuges sind speziell ausgebildet im Atemschutz und im Pionierdienst.<\/p>\n<p><a href=\"https:\/\/www.fw-langenthal.ch\/wp\/wp-content\/uploads\/2023\/03\/Loeschzug-Langenthal.jpg\"><img loading=\"lazy\" decoding=\"async\" class=\"alignnone wp-image-2390\" src=\"https:\/\/www.fw-langenthal.ch\/wp\/wp-content\/uploads\/2023\/03\/Loeschzug-Langenthal-300x200.jpg\" alt=\"\" width=\"1025\" height=\"684\" srcset=\"https:\/\/www.fw-langenthal.ch\/wp\/wp-content\/uploads\/2023\/03\/Loeschzug-Langenthal-300x200.jpg 300w, https:\/\/www.fw-langenthal.ch\/wp\/wp-content\/uploads\/2023\/03\/Loeschzug-Langenthal-1024x683.jpg 1024w, https:\/\/www.fw-langenthal.ch\/wp\/wp-content\/uploads\/2023\/03\/Loeschzug-Langenthal-768x512.jpg 768w, https:\/\/www.fw-langenthal.ch\/wp\/wp-content\/uploads\/2023\/03\/Loeschzug-Langenthal-1536x1024.jpg 1536w, https:\/\/www.fw-langenthal.ch\/wp\/wp-content\/uploads\/2023\/03\/Loeschzug-Langenthal-2048x1366.jpg 2048w, https:\/\/www.fw-langenthal.ch\/wp\/wp-content\/uploads\/2023\/03\/Loeschzug-Langenthal-1000x667.jpg 1000w, https:\/\/www.fw-langenthal.ch\/wp\/wp-content\/uploads\/2023\/03\/Loeschzug-Langenthal-230x153.jpg 230w, https:\/\/www.fw-langenthal.ch\/wp\/wp-content\/uploads\/2023\/03\/Loeschzug-Langenthal-350x233.jpg 350w, https:\/\/www.fw-langenthal.ch\/wp\/wp-content\/uploads\/2023\/03\/Loeschzug-Langenthal-480x320.jpg 480w, https:\/\/www.fw-langenthal.ch\/wp\/wp-content\/uploads\/2023\/03\/Loeschzug-Langenthal-272x182.jpg 272w\" sizes=\"auto, (max-width: 1025px) 100vw, 1025px\" \/><\/a><\/p>\n<p><a href=\"https:\/\/www.fw-langenthal.ch\/wp\/wp-content\/uploads\/2023\/03\/Loeschzug-Langenthal_27.jpg\"><img loading=\"lazy\" decoding=\"async\" class=\"alignnone wp-image-2395\" src=\"https:\/\/www.fw-langenthal.ch\/wp\/wp-content\/uploads\/2023\/03\/Loeschzug-Langenthal_27-300x200.jpg\" alt=\"\" width=\"1025\" height=\"683\" srcset=\"https:\/\/www.fw-langenthal.ch\/wp\/wp-content\/uploads\/2023\/03\/Loeschzug-Langenthal_27-300x200.jpg 300w, https:\/\/www.fw-langenthal.ch\/wp\/wp-content\/uploads\/2023\/03\/Loeschzug-Langenthal_27-1024x681.jpg 1024w, https:\/\/www.fw-langenthal.ch\/wp\/wp-content\/uploads\/2023\/03\/Loeschzug-Langenthal_27-768x511.jpg 768w, https:\/\/www.fw-langenthal.ch\/wp\/wp-content\/uploads\/2023\/03\/Loeschzug-Langenthal_27-1536x1022.jpg 1536w, https:\/\/www.fw-langenthal.ch\/wp\/wp-content\/uploads\/2023\/03\/Loeschzug-Langenthal_27-2048x1362.jpg 2048w, https:\/\/www.fw-langenthal.ch\/wp\/wp-content\/uploads\/2023\/03\/Loeschzug-Langenthal_27-1000x665.jpg 1000w, https:\/\/www.fw-langenthal.ch\/wp\/wp-content\/uploads\/2023\/03\/Loeschzug-Langenthal_27-230x153.jpg 230w, https:\/\/www.fw-langenthal.ch\/wp\/wp-content\/uploads\/2023\/03\/Loeschzug-Langenthal_27-350x233.jpg 350w, https:\/\/www.fw-langenthal.ch\/wp\/wp-content\/uploads\/2023\/03\/Loeschzug-Langenthal_27-480x319.jpg 480w, https:\/\/www.fw-langenthal.ch\/wp\/wp-content\/uploads\/2023\/03\/Loeschzug-Langenthal_27-272x182.jpg 272w\" sizes=\"auto, (max-width: 1025px) 100vw, 1025px\" \/><\/a><\/p>\n<p><a href=\"https:\/\/www.fw-langenthal.ch\/wp\/wp-content\/uploads\/2023\/03\/Loeschzug-Langenthal_128.jpg\"><img loading=\"lazy\" decoding=\"async\" class=\"alignnone wp-image-2393\" src=\"https:\/\/www.fw-langenthal.ch\/wp\/wp-content\/uploads\/2023\/03\/Loeschzug-Langenthal_128-300x200.jpg\" alt=\"\" width=\"1026\" height=\"684\" srcset=\"https:\/\/www.fw-langenthal.ch\/wp\/wp-content\/uploads\/2023\/03\/Loeschzug-Langenthal_128-300x200.jpg 300w, https:\/\/www.fw-langenthal.ch\/wp\/wp-content\/uploads\/2023\/03\/Loeschzug-Langenthal_128-768x511.jpg 768w, https:\/\/www.fw-langenthal.ch\/wp\/wp-content\/uploads\/2023\/03\/Loeschzug-Langenthal_128-1536x1022.jpg 1536w, https:\/\/www.fw-langenthal.ch\/wp\/wp-content\/uploads\/2023\/03\/Loeschzug-Langenthal_128-230x153.jpg 230w, https:\/\/www.fw-langenthal.ch\/wp\/wp-content\/uploads\/2023\/03\/Loeschzug-Langenthal_128-350x233.jpg 350w, https:\/\/www.fw-langenthal.ch\/wp\/wp-content\/uploads\/2023\/03\/Loeschzug-Langenthal_128-480x319.jpg 480w, https:\/\/www.fw-langenthal.ch\/wp\/wp-content\/uploads\/2023\/03\/Loeschzug-Langenthal_128-272x182.jpg 272w\" sizes=\"auto, (max-width: 1026px) 100vw, 1026px\" \/><\/a><\/p>\n<p><a href=\"https:\/\/www.fw-langenthal.ch\/wp\/wp-content\/uploads\/2023\/03\/Loeschzug-Langenthal_105.jpg\"><img loading=\"lazy\" decoding=\"async\" class=\"alignnone wp-image-2394\" src=\"https:\/\/www.fw-langenthal.ch\/wp\/wp-content\/uploads\/2023\/03\/Loeschzug-Langenthal_105-300x200.jpg\" alt=\"\" width=\"1023\" height=\"682\" srcset=\"https:\/\/www.fw-langenthal.ch\/wp\/wp-content\/uploads\/2023\/03\/Loeschzug-Langenthal_105-300x200.jpg 300w, https:\/\/www.fw-langenthal.ch\/wp\/wp-content\/uploads\/2023\/03\/Loeschzug-Langenthal_105-1024x683.jpg 1024w, https:\/\/www.fw-langenthal.ch\/wp\/wp-content\/uploads\/2023\/03\/Loeschzug-Langenthal_105-768x512.jpg 768w, https:\/\/www.fw-langenthal.ch\/wp\/wp-content\/uploads\/2023\/03\/Loeschzug-Langenthal_105-1536x1024.jpg 1536w, https:\/\/www.fw-langenthal.ch\/wp\/wp-content\/uploads\/2023\/03\/Loeschzug-Langenthal_105-2048x1366.jpg 2048w, https:\/\/www.fw-langenthal.ch\/wp\/wp-content\/uploads\/2023\/03\/Loeschzug-Langenthal_105-1000x667.jpg 1000w, https:\/\/www.fw-langenthal.ch\/wp\/wp-content\/uploads\/2023\/03\/Loeschzug-Langenthal_105-230x153.jpg 230w, https:\/\/www.fw-langenthal.ch\/wp\/wp-content\/uploads\/2023\/03\/Loeschzug-Langenthal_105-350x233.jpg 350w, https:\/\/www.fw-langenthal.ch\/wp\/wp-content\/uploads\/2023\/03\/Loeschzug-Langenthal_105-480x320.jpg 480w, https:\/\/www.fw-langenthal.ch\/wp\/wp-content\/uploads\/2023\/03\/Loeschzug-Langenthal_105-272x182.jpg 272w\" sizes=\"auto, (max-width: 1023px) 100vw, 1023px\" \/><\/a><\/p>\n","protected":false},"excerpt":{"rendered":"<p>Der L\u00f6schzug Der L\u00f6schzug wird bei gr\u00f6sseren Ereignissen zur Verst\u00e4rkung des Piketts eingesetzt; kann aber auch unabh\u00e4ngig vom Pikett bei Brand- oder [&hellip;]<\/p>\n","protected":false},"author":1,"featured_media":0,"parent":0,"menu_order":0,"comment_status":"closed","ping_status":"closed","template":"","meta":{"ngg_post_thumbnail":0,"footnotes":""},"class_list":["post-136","page","type-page","status-publish","hentry"],"_links":{"self":[{"href":"https:\/\/www.fw-langenthal.ch\/wp\/index.php?rest_route=\/wp\/v2\/pages\/136","targetHints":{"allow":["GET"]}}],"collection":[{"href":"https:\/\/www.fw-langenthal.ch\/wp\/index.php?rest_route=\/wp\/v2\/pages"}],"about":[{"href":"https:\/\/www.fw-langenthal.ch\/wp\/index.php?rest_route=\/wp\/v2\/types\/page"}],"author":[{"embeddable":true,"href":"https:\/\/www.fw-langenthal.ch\/wp\/index.php?rest_route=\/wp\/v2\/users\/1"}],"replies":[{"embeddable":true,"href":"https:\/\/www.fw-langenthal.ch\/wp\/index.php?rest_route=%2Fwp%2Fv2%2Fcomments&post=136"}],"version-history":[{"count":6,"href":"https:\/\/www.fw-langenthal.ch\/wp\/index.php?rest_route=\/wp\/v2\/pages\/136\/revisions"}],"predecessor-version":[{"id":2396,"href":"https:\/\/www.fw-langenthal.ch\/wp\/index.php?rest_route=\/wp\/v2\/pages\/136\/revisions\/2396"}],"wp:attachment":[{"href":"https:\/\/www.fw-langenthal.ch\/wp\/index.php?rest_route=%2Fwp%2Fv2%2Fmedia&parent=136"}],"curies":[{"name":"wp","href":"https:\/\/api.w.org\/{rel}","templated":true}]}}