{"id":189,"date":"2016-03-08T20:00:46","date_gmt":"2016-03-08T20:00:46","guid":{"rendered":"http:\/\/www.fw-langenthal.ch\/wp\/?page_id=189"},"modified":"2016-09-22T18:19:43","modified_gmt":"2016-09-22T18:19:43","slug":"notruf-118","status":"publish","type":"page","link":"https:\/\/www.fw-langenthal.ch\/wp\/?page_id=189","title":{"rendered":"Notruf"},"content":{"rendered":"<div id=\"pl-189\"  class=\"panel-layout\" ><div id=\"pg-189-0\"  class=\"panel-grid panel-has-style\" ><div style=\"padding: 10px 0; \" data-overlay=\"true\" class=\"panel-row-style panel-row-style-for-189-0\" ><div id=\"pgc-189-0-0\"  class=\"panel-grid-cell\" ><div id=\"panel-189-0-0-0\" class=\"so-panel widget widget_sow-editor panel-first-child panel-last-child\" data-index=\"0\" ><div\n\t\t\t\n\t\t\tclass=\"so-widget-sow-editor so-widget-sow-editor-base\"\n\t\t\t\n\t\t>\n<div class=\"siteorigin-widget-tinymce textwidget\">\n\t<div id=\"pgc-189-0-0\" class=\"panel-grid-cell\">\n<div id=\"panel-189-0-0-0\" class=\"so-panel widget widget_sow-editor panel-first-child panel-last-child\" data-index=\"0\">\n<div class=\"so-widget-sow-editor so-widget-sow-editor-base\">\n<div class=\"siteorigin-widget-tinymce textwidget\">\n<p>Europ\u00e4ische Notrufnummer: 112<\/p>\n<p>Polizeinotruf: 117<\/p>\n<p>Feuerwehrnotruf: 118<\/p>\n<p>Sanit\u00e4tsnotruf: 144<\/p>\n<p><a href=\"http:\/\/toxinfo.ch\/\" target=\"_blank\">Vergiftungsnotf\u00e4lle<\/a>: \u00a0145<\/p>\n<p><a href=\"https:\/\/www.rega.ch\/\">Rega Alarmnummer<\/a>: 1414<\/p>\n<\/div>\n<\/div>\n<\/div>\n<\/div>\n<div id=\"pgc-189-0-1\" class=\"panel-grid-cell\">\u00a0<\/div>\n<\/div>\n<\/div><\/div><\/div><\/div><\/div><\/div>","protected":false},"excerpt":{"rendered":"<p>Europ\u00e4ische Notrufnummer: 112Polizeinotruf: 117Feuerwehrnotruf: 118Sanit\u00e4tsnotruf: 144Vergiftungsnotf\u00e4lle: \u00a0145Rega Alarmnummer: 1414\u00a0<\/p>\n","protected":false},"author":1,"featured_media":0,"parent":0,"menu_order":0,"comment_status":"closed","ping_status":"closed","template":"","meta":{"ngg_post_thumbnail":0,"footnotes":""},"class_list":["post-189","page","type-page","status-publish","hentry"],"_links":{"self":[{"href":"https:\/\/www.fw-langenthal.ch\/wp\/index.php?rest_route=\/wp\/v2\/pages\/189","targetHints":{"allow":["GET"]}}],"collection":[{"href":"https:\/\/www.fw-langenthal.ch\/wp\/index.php?rest_route=\/wp\/v2\/pages"}],"about":[{"href":"https:\/\/www.fw-langenthal.ch\/wp\/index.php?rest_route=\/wp\/v2\/types\/page"}],"author":[{"embeddable":true,"href":"https:\/\/www.fw-langenthal.ch\/wp\/index.php?rest_route=\/wp\/v2\/users\/1"}],"replies":[{"embeddable":true,"href":"https:\/\/www.fw-langenthal.ch\/wp\/index.php?rest_route=%2Fwp%2Fv2%2Fcomments&post=189"}],"version-history":[{"count":11,"href":"https:\/\/www.fw-langenthal.ch\/wp\/index.php?rest_route=\/wp\/v2\/pages\/189\/revisions"}],"predecessor-version":[{"id":597,"href":"https:\/\/www.fw-langenthal.ch\/wp\/index.php?rest_route=\/wp\/v2\/pages\/189\/revisions\/597"}],"wp:attachment":[{"href":"https:\/\/www.fw-langenthal.ch\/wp\/index.php?rest_route=%2Fwp%2Fv2%2Fmedia&parent=189"}],"curies":[{"name":"wp","href":"https:\/\/api.w.org\/{rel}","templated":true}]}}