{"id":51,"date":"2016-03-04T21:57:39","date_gmt":"2016-03-04T21:57:39","guid":{"rendered":"http:\/\/www.fw-langenthal.ch\/wp\/?page_id=51"},"modified":"2023-07-14T11:33:27","modified_gmt":"2023-07-14T11:33:27","slug":"sonderstuetzpunkt-feuerwehr-langenthal","status":"publish","type":"page","link":"https:\/\/www.fw-langenthal.ch\/wp\/","title":{"rendered":"Sonderst\u00fctzpunkt Feuerwehr Langenthal"},"content":{"rendered":"<h3>&nbsp;<\/h3>\n<p class=\"p1\"><span class=\"s1\">Die Sonderst\u00fctzpunkt Feuerwehr&nbsp;bek\u00e4mpft Feuer-, Elementar- und andere Schadensereignisse auf dem Gemeindegebiet und als&nbsp;Sonderst\u00fctzpunkt im zugewiesenen Einsatzgebiet gem\u00e4ss Feuerwehrgesetz (FFG). Daraus ergeben sich folgende Aufgaben:<\/span><\/p>\n<ul class=\"ul1\">\n<li class=\"li1\"><span class=\"s1\">Bahnst\u00fctzpunkt SBB<\/span><\/li>\n<li class=\"li1\"><span class=\"s1\">Brandbek\u00e4mpfung<\/span><\/li>\n<li class=\"li1\"><span class=\"s1\">Brandwachen<\/span><\/li>\n<li class=\"li1\"><span class=\"s1\">Gaswehr<\/span><\/li>\n<li class=\"li1\"><span class=\"s1\">Oel- und ABC Eins\u00e4tze (auch auf Teilst\u00fcck Autobahn A1)<\/span><\/li>\n<li class=\"li1\"><span class=\"s1\">Personenrettung bei Unf\u00e4llen als St\u00fctzpunkt A<\/span><\/li>\n<li class=\"li1\"><span class=\"s1\">Technische Hilfeleistung<\/span><\/li>\n<li class=\"li1\"><span class=\"s1\">Tierrettung<\/span><\/li>\n<li class=\"li1\"><span class=\"s1\">Unterst\u00fctzung der Verkehrspolizei<\/span><\/li>\n<li class=\"li1\"><span class=\"s1\">Wasser- und Elementarschadensbek\u00e4mpfung<\/span><\/li>\n<\/ul>\n","protected":false},"excerpt":{"rendered":"<p>&nbsp; Die Sonderst\u00fctzpunkt Feuerwehr&nbsp;bek\u00e4mpft Feuer-, Elementar- und andere Schadensereignisse auf dem Gemeindegebiet und als&nbsp;Sonderst\u00fctzpunkt im zugewiesenen Einsatzgebiet gem\u00e4ss Feuerwehrgesetz (FFG). Daraus ergeben [&hellip;]<\/p>\n","protected":false},"author":1,"featured_media":0,"parent":0,"menu_order":0,"comment_status":"closed","ping_status":"closed","template":"","meta":{"ngg_post_thumbnail":0,"footnotes":""},"class_list":["post-51","page","type-page","status-publish","hentry"],"_links":{"self":[{"href":"https:\/\/www.fw-langenthal.ch\/wp\/index.php?rest_route=\/wp\/v2\/pages\/51","targetHints":{"allow":["GET"]}}],"collection":[{"href":"https:\/\/www.fw-langenthal.ch\/wp\/index.php?rest_route=\/wp\/v2\/pages"}],"about":[{"href":"https:\/\/www.fw-langenthal.ch\/wp\/index.php?rest_route=\/wp\/v2\/types\/page"}],"author":[{"embeddable":true,"href":"https:\/\/www.fw-langenthal.ch\/wp\/index.php?rest_route=\/wp\/v2\/users\/1"}],"replies":[{"embeddable":true,"href":"https:\/\/www.fw-langenthal.ch\/wp\/index.php?rest_route=%2Fwp%2Fv2%2Fcomments&post=51"}],"version-history":[{"count":11,"href":"https:\/\/www.fw-langenthal.ch\/wp\/index.php?rest_route=\/wp\/v2\/pages\/51\/revisions"}],"predecessor-version":[{"id":2428,"href":"https:\/\/www.fw-langenthal.ch\/wp\/index.php?rest_route=\/wp\/v2\/pages\/51\/revisions\/2428"}],"wp:attachment":[{"href":"https:\/\/www.fw-langenthal.ch\/wp\/index.php?rest_route=%2Fwp%2Fv2%2Fmedia&parent=51"}],"curies":[{"name":"wp","href":"https:\/\/api.w.org\/{rel}","templated":true}]}}